{"id":983,"date":"2025-03-24T16:26:19","date_gmt":"2025-03-24T16:26:19","guid":{"rendered":"https:\/\/edelmetallshop-aschaffenburg.de\/?page_id=983"},"modified":"2025-11-12T15:21:55","modified_gmt":"2025-11-12T15:21:55","slug":"barrierefreiheitserklaerung","status":"publish","type":"page","link":"https:\/\/edelmetallshop-aschaffenburg.de\/index.php\/barrierefreiheitserklaerung\/","title":{"rendered":"Barrierefreiheitserkl\u00e4rung"},"content":{"rendered":"\t\t<div data-elementor-type=\"wp-page\" data-elementor-id=\"983\" class=\"elementor elementor-983\" data-elementor-post-type=\"page\">\n\t\t\t\t<div class=\"elementor-element elementor-element-baf26fb e-flex e-con-boxed e-con e-parent\" data-id=\"baf26fb\" data-element_type=\"container\">\n\t\t\t\t\t<div class=\"e-con-inner\">\n\t\t\t\t<div class=\"elementor-element elementor-element-a896c2d elementor-widget elementor-widget-text-editor\" data-id=\"a896c2d\" data-element_type=\"widget\" data-widget_type=\"text-editor.default\">\n\t\t\t\t<div class=\"elementor-widget-container\">\n\t\t\t\t\t\t\t\t\t<h1>Erkl\u00e4rung zur Barrierefreiheit f\u00fcr Dienstleistungen<\/h1><p>Im Rahmen unserer Barrierefreiheitserkl\u00e4rung m\u00f6chten wir Ihnen einen \u00dcberblick \u00fcber den Stand der Vereinbarkeit der unten beschriebenen Dienstleistung(en) mit den Anforderungen der Barrierefreiheit nach gesetzlichen Vorschriften (insbesondere mit dem Barrierefreiheitsst\u00e4rkungsgesetz \u2013 BFSG) geben.<\/p><h2>Angaben zum Dienstleistungserbringer<\/h2><p>Metallorum Edelmetallhandels GmbH<br \/>An der Windm\u00fchle 6<br \/>97294 Unterpleichfeld<\/p><h2>Allgemeine Beschreibung der Dienstleistung<\/h2><p>Angebot von Dienstleistungen rund um das Thema Edelmetall als Wertanlage, Vermietung von Schlie\u00dff\u00e4chern sowie Pfandleihe in Edelmetallshops in W\u00fcrzburg, Fulda und Aschaffenburg.<\/p><h2>Stand der Vereinbarkeit mit den Anforderungen<\/h2><p>Wir setzen uns f\u00fcr digitale Barrierefreiheit ein und verfolgen das Ziel, unsere Website so zu gestalten, dass sie f\u00fcr alle Nutzerinnen und Nutzer uneingeschr\u00e4nkt zug\u00e4nglich ist. Daher arbeiten wir kontinuierlich daran, die Anforderungen des Barrierefreiheitsst\u00e4rkungsgesetzes (BFSG) und der Verordnung zum Barrierefreiheitsst\u00e4rkungsgesetz (BFSGV) vollst\u00e4ndig umzusetzen.<\/p><p>Unserer Webseite setzt die Vorgaben gem\u00e4\u00df Web Content Accessibility Guidelines (WCAG) um:<\/p><p>[Erl\u00e4terungen]<\/p><h2>Zust\u00e4ndige Markt\u00fcberwachungsbeh\u00f6rde<\/h2><p>Markt\u00fcberwachungsstelle der L\u00e4nder f\u00fcr die Barrierefreiheit von Produkten und Dienstleistungen (MLBF)<br \/>c\/o Ministerium f\u00fcr Arbeit, Soziales, Gesundheit und Gleichstellung Sachsen-Anhalt<br \/>Postfach 39 11 55<br \/>39135 Magdeburg<\/p><p>Telefon: + 49 (0) 391 567 6970<br \/>E-Mail: mlbf@ms.sachsen-anhalt.de<\/p>\t\t\t\t\t\t\t\t<\/div>\n\t\t\t\t<\/div>\n\t\t\t\t\t<\/div>\n\t\t\t\t<\/div>\n\t\t<div class=\"elementor-element elementor-element-3af2c53 elementor-hidden-desktop elementor-hidden-tablet elementor-hidden-mobile e-flex e-con-boxed e-con e-parent\" data-id=\"3af2c53\" data-element_type=\"container\">\n\t\t\t\t\t<div class=\"e-con-inner\">\n\t\t\t\t<div class=\"elementor-element elementor-element-20f7792 elementor-widget elementor-widget-text-editor\" data-id=\"20f7792\" data-element_type=\"widget\" data-widget_type=\"text-editor.default\">\n\t\t\t\t<div class=\"elementor-widget-container\">\n\t\t\t\t\t\t\t\t\t<h1>Erkl\u00e4rung zur Barrierefreiheit f\u00fcr Dienstleistungen<\/h1><p>Im Rahmen unserer Barrierefreiheitserkl\u00e4rung m\u00f6chten wir Ihnen einen \u00dcberblick \u00fcber den Stand der Vereinbarkeit der unten beschriebenen Dienstleistung(en) mit den Anforderungen der Barrierefreiheit nach gesetzlichen Vorschriften (insbesondere mit dem Barrierefreiheitsst\u00e4rkungsgesetz \u2013 BFSG) geben.<\/p><h2>Angaben zum Dienstleistungserbringer<\/h2><p>Metallorum Edelmetallhandels GmbH<br \/>W\u00f6rthstra\u00dfe 15<br \/>97082 W\u00fcrzburg<br \/>Bayern<\/p><h2>Allgemeine Beschreibung der Dienstleistung<\/h2><p>Angebot von Dienstleistungen rund um das Thema Edelmetall als Wertanlage, Vermietung von Schlie\u00dff\u00e4chern sowie Pfandleihe in Edelmetallshops in W\u00fcrzburg, Fulda und Aschaffenburg.<\/p><h2>Stand der Vereinbarkeit mit den Anforderungen<\/h2><p>Die oben genannte Dienstleistung ist teilweise mit dem Barrierefreiheitsst\u00e4rkungsgesetz (BFSG) vereinbar.<\/p><p>Folgende Teile\/Inhalte\/Funktionen der Dienstleistung sind nicht barrierefrei:<\/p><p>Einige Audio- und Videoinhalte verf\u00fcgen derzeit nicht \u00fcber Untertitel. <br \/>Eine Tastaturbedienbarkeit ist nur f\u00fcr die allermeisten Bereiche der Website gew\u00e4hrleistet.<\/p><p>Auf der Startseite ist auf der mittleren Kachel &#8222;Ihr verl\u00e4sslicher Partner f\u00fcr alle Edelmetalle&#8220; der Textkontrast nicht v\u00f6llig ausreichend. Dieser kann mithilfe des Tools Digi Access bei Bedarf erh\u00f6ht werden.<\/p><p>Im Kontaktformular konnte aus technischen Gr\u00fcnden die Gruppe von Checkboxen mit den verschiedenen Auswahlm\u00f6glichkeiten &#8222;R\u00fcckruf&#8220;, &#8222;Videoberatung&#8220;, &#8222;Unterlagen&#8220; oder &#8222;Vorort-Termin&#8220; nicht eindeutig in einem Fieldset zusammengefasst und gelabelt werden.<\/p><h3>Nicht barrierefreie Teile der Dienstleistung &#8211; Umsetzungsfristen<\/h3><p>Wir sind darum bem\u00fcht, Audio- und Videoinhalte mit Untertiteln zu versehen. Eine genaue Angabe k\u00f6nnen wir momentan nicht machen.<\/p><h2>Erstellung der Barrierefreiheitserkl\u00e4rung<\/h2><p>Datum der Erstellung der Barrierefreiheitserkl\u00e4rung: 24.03.2025<br \/>Datum der letzten \u00dcberpr\u00fcfung der o. g. Leistungen hinsichtlich der Anforderungen zur Barrierefreiheit: 01.04.2025<\/p><h2>Einsch\u00e4tzung zum Stand der Barrierefreiheit<\/h2><p>Die Einsch\u00e4tzung zum Stand der Barrierefreiheit beruht auf unserer Selbsteinsch\u00e4tzung.<\/p>\t\t\t\t\t\t\t\t<\/div>\n\t\t\t\t<\/div>\n\t\t\t\t\t<\/div>\n\t\t\t\t<\/div>\n\t\t\t\t<\/div>\n\t\t","protected":false},"excerpt":{"rendered":"<p>Erkl\u00e4rung zur Barrierefreiheit f\u00fcr Dienstleistungen Im Rahmen unserer Barrierefreiheitserkl\u00e4rung m\u00f6chten wir Ihnen einen \u00dcberblick \u00fcber den Stand der Vereinbarkeit der unten beschriebenen Dienstleistung(en) mit den Anforderungen der Barrierefreiheit nach gesetzlichen Vorschriften (insbesondere mit dem Barrierefreiheitsst\u00e4rkungsgesetz \u2013 BFSG) geben. Angaben zum Dienstleistungserbringer Metallorum Edelmetallhandels GmbHAn der Windm\u00fchle 697294 Unterpleichfeld Allgemeine Beschreibung der Dienstleistung Angebot von Dienstleistungen [&hellip;]<\/p>\n","protected":false},"author":2,"featured_media":0,"parent":0,"menu_order":0,"comment_status":"closed","ping_status":"closed","template":"elementor_header_footer","meta":{"_seopress_robots_primary_cat":"","_seopress_titles_title":"Barrierefreiheit bei Metallorum: Ihr Partner f\u00fcr Edelmetalle","_seopress_titles_desc":"","_seopress_robots_index":"","footnotes":""},"class_list":["post-983","page","type-page","status-publish","hentry"],"_links":{"self":[{"href":"https:\/\/edelmetallshop-aschaffenburg.de\/index.php\/wp-json\/wp\/v2\/pages\/983","targetHints":{"allow":["GET"]}}],"collection":[{"href":"https:\/\/edelmetallshop-aschaffenburg.de\/index.php\/wp-json\/wp\/v2\/pages"}],"about":[{"href":"https:\/\/edelmetallshop-aschaffenburg.de\/index.php\/wp-json\/wp\/v2\/types\/page"}],"author":[{"embeddable":true,"href":"https:\/\/edelmetallshop-aschaffenburg.de\/index.php\/wp-json\/wp\/v2\/users\/2"}],"replies":[{"embeddable":true,"href":"https:\/\/edelmetallshop-aschaffenburg.de\/index.php\/wp-json\/wp\/v2\/comments?post=983"}],"version-history":[{"count":13,"href":"https:\/\/edelmetallshop-aschaffenburg.de\/index.php\/wp-json\/wp\/v2\/pages\/983\/revisions"}],"predecessor-version":[{"id":1678,"href":"https:\/\/edelmetallshop-aschaffenburg.de\/index.php\/wp-json\/wp\/v2\/pages\/983\/revisions\/1678"}],"wp:attachment":[{"href":"https:\/\/edelmetallshop-aschaffenburg.de\/index.php\/wp-json\/wp\/v2\/media?parent=983"}],"curies":[{"name":"wp","href":"https:\/\/api.w.org\/{rel}","templated":true}]}}